{"id":1937,"date":"2015-10-22T13:46:39","date_gmt":"2015-10-22T11:46:39","guid":{"rendered":"https:\/\/dayschool.ch\/besichtigung\/"},"modified":"2024-02-14T21:09:10","modified_gmt":"2024-02-14T19:09:10","slug":"visite","status":"publish","type":"page","link":"https:\/\/dayschool.ch\/fr\/visite\/","title":{"rendered":"Visite"},"content":{"rendered":"<div id=\"pl-1937\"  class=\"panel-layout\" ><div class=\"container\"><div id=\"pg-1937-0\"  class=\"panel-grid panel-no-style row first\" ><div id=\"pgc-1937-0-0\"  class=\"panel-grid-cell\" ><div id=\"panel-1937-0-0-0\" class=\"so-panel widget widget_black-studio-tinymce widget_black_studio_tinymce panel-first-child panel-last-child\" data-index=\"0\" ><div class=\"textwidget\"><h2>Visite de Dayschool<\/h2>\n<p>Venez visiter la Dayschool. Vous apprendrez \u00e0 conna\u00eetre notre concept, nos locaux et notre personnel. La Dayschool se r\u00e9jouit d\u00e8s \u00e0 pr\u00e9sent de votre visite\u00a0!<\/p>\n<h2>Inscription<\/h2>\n<p>Inscrivez-vous par e-mail, avec le formulaire ci-dessous ou par t\u00e9l\u00e9phone. Envoyez-nous vos coordonn\u00e9es s\u2019il vous pla\u00eet et le lieu que vous souhaitez visiter.<\/p>\n<p>\n<div class=\"wpcf7 no-js\" id=\"wpcf7-f2014-o1\" lang=\"de-DE\" dir=\"ltr\" data-wpcf7-id=\"2014\">\n<div class=\"screen-reader-response\"><p role=\"status\" aria-live=\"polite\" aria-atomic=\"true\"><\/p> <ul><\/ul><\/div>\n<form action=\"\/fr\/wp-json\/wp\/v2\/pages\/1937#wpcf7-f2014-o1\" method=\"post\" class=\"wpcf7-form init form-horizontal\" aria-label=\"Kontaktformular\" novalidate=\"novalidate\" data-status=\"init\">\n<fieldset class=\"hidden-fields-container\"><input type=\"hidden\" name=\"_wpcf7\" value=\"2014\" \/><input type=\"hidden\" name=\"_wpcf7_version\" value=\"6.1.5\" \/><input type=\"hidden\" name=\"_wpcf7_locale\" value=\"de_DE\" \/><input type=\"hidden\" name=\"_wpcf7_unit_tag\" value=\"wpcf7-f2014-o1\" \/><input type=\"hidden\" name=\"_wpcf7_container_post\" value=\"0\" \/><input type=\"hidden\" name=\"_wpcf7_posted_data_hash\" value=\"\" \/><input type=\"hidden\" name=\"_wpcf7_recaptcha_response\" value=\"\" \/>\n<\/fieldset>\n<div class=\"row\">\n    <div class=\"col-md-12\">\n       \n<div class=\"form-group\">\n<div class=\"col-xs-2\">\n            <label for=\"anmeldung-fld-termin\">Lieu*<\/label>\n<\/div>\n            <div class=\"col-sm-10\">\n                 <span class=\"wpcf7-form-control-wrap\" data-name=\"termin\"><select class=\"wpcf7-form-control wpcf7-select wpcf7-validates-as-required\" id=\"anmeldung-fld-termin\" aria-required=\"true\" aria-invalid=\"false\" name=\"termin\"><option value=\"Choisir lieu...\">Choisir lieu...<\/option><option value=\"Z\u00fcrich Beckenhof - Waltersbachstr. 4\">Z\u00fcrich Beckenhof - Waltersbachstr. 4<\/option><option value=\"Meilen\">Meilen<\/option><\/select><\/span>\n            <\/div>\n        <\/div>\n        <div class=\"form-group\">\n            <label for=\"anmeldung-fld-vorname\" class=\"col-sm-2 control-label\">Pr\u00e9nom*<\/label>\n            <div class=\"col-sm-10\">\n                <span class=\"wpcf7-form-control-wrap\" data-name=\"vorname\"><input size=\"40\" maxlength=\"400\" class=\"wpcf7-form-control wpcf7-text wpcf7-validates-as-required form-control\" id=\"anmeldung-fld-vorname\" aria-required=\"true\" aria-invalid=\"false\" value=\"\" type=\"text\" name=\"vorname\" \/><\/span>\n            <\/div>\n        <\/div>\n        <div class=\"form-group\">\n            <label for=\"anmeldung-fld-nachname\" class=\"col-sm-2 control-label\">Nom*<\/label>\n            <div class=\"col-sm-10\">\n                <span class=\"wpcf7-form-control-wrap\" data-name=\"nachname\"><input size=\"40\" maxlength=\"400\" class=\"wpcf7-form-control wpcf7-text wpcf7-validates-as-required form-control\" id=\"anmeldung-fld-nachname\" aria-required=\"true\" aria-invalid=\"false\" value=\"\" type=\"text\" name=\"nachname\" \/><\/span>\n            <\/div>\n        <\/div>\n\n        <div class=\"form-group\">\n            <label for=\"anmeldung-fld-telefon\" class=\"col-sm-2 control-label\">T\u00e9l\u00e9phone<\/label>\n            <div class=\"col-sm-10\">\n                <span class=\"wpcf7-form-control-wrap\" data-name=\"telefon\"><input size=\"40\" maxlength=\"400\" class=\"wpcf7-form-control wpcf7-tel wpcf7-text wpcf7-validates-as-tel form-control\" id=\"anmeldung-fld-telefon\" aria-invalid=\"false\" value=\"\" type=\"tel\" name=\"telefon\" \/><\/span>\n            <\/div>\n        <\/div>\n        <div class=\"form-group\">\n            <label for=\"anmeldung-fld-email\" class=\"col-sm-2 control-label\">E-Mail*<\/label>\n            <div class=\"col-sm-10\">\n                <span class=\"wpcf7-form-control-wrap\" data-name=\"email\"><input size=\"40\" maxlength=\"400\" class=\"wpcf7-form-control wpcf7-email wpcf7-validates-as-required wpcf7-text wpcf7-validates-as-email form-control\" id=\"anmeldung-fld-email\" aria-required=\"true\" aria-invalid=\"false\" value=\"\" type=\"email\" name=\"email\" \/><\/span>\n            <\/div>\n        <\/div>\n    <\/div>\n<\/div>\n<span id=\"wpcf7-69e589315f6d2-wrapper\" class=\"wpcf7-form-control-wrap emailaddress-43-wrap\" style=\"display:none !important; visibility:hidden !important;\"><input type=\"hidden\" name=\"emailaddress-43-time-start\" value=\"1776650545\"><input type=\"hidden\" name=\"emailaddress-43-time-check\" value=\"5\"><label for=\"wpcf7-69e589315f6d2-field\" class=\"hp-message\">Bitte lasse dieses Feld leer.<\/label><input id=\"wpcf7-69e589315f6d2-field\"  class=\"wpcf7-form-control wpcf7-text\" type=\"text\" name=\"emailaddress-43\" value=\"\" size=\"40\" tabindex=\"-1\" autocomplete=\"new-password\" \/><\/span>\n<div class=\"row\">\n    <div class=\"col-md-12\">\n        <h2>Remarques<\/h2>\n        <span class=\"wpcf7-form-control-wrap\" data-name=\"bemerkungen\"><textarea cols=\"40\" rows=\"10\" maxlength=\"2000\" class=\"wpcf7-form-control wpcf7-textarea form-control\" aria-invalid=\"false\" name=\"bemerkungen\"><\/textarea><\/span><br><input class=\"wpcf7-form-control wpcf7-submit has-spinner btn\" type=\"submit\" value=\"Enoyer\" \/>\n    <\/div>\n<\/div><div class=\"wpcf7-response-output\" aria-hidden=\"true\"><\/div>\n<\/form>\n<\/div>\n<\/p>\n<\/div><\/div><\/div><\/div><\/div><\/div>","protected":false},"excerpt":{"rendered":"<p>Visite de DayschoolVenez visiter la Dayschool. Vous apprendrez \u00e0 conna\u00eetre notre concept, nos locaux et notre personnel. La Dayschool se r\u00e9jouit d\u00e8s \u00e0 pr\u00e9sent de votre visite\u00a0!InscriptionInscrivez-vous par e-mail, avec le formulaire ci-dessous ou par t\u00e9l\u00e9phone. Envoyez-nous vos coordonn\u00e9es s\u2019il vous pla\u00eet et le lieu que vous souhaitez visiter.<\/p>\n","protected":false},"author":18,"featured_media":0,"parent":0,"menu_order":0,"comment_status":"closed","ping_status":"closed","template":"page-sidebar.php","meta":{"footnotes":""},"class_list":["post-1937","page","type-page","status-publish","hentry"],"_links":{"self":[{"href":"https:\/\/dayschool.ch\/fr\/wp-json\/wp\/v2\/pages\/1937","targetHints":{"allow":["GET"]}}],"collection":[{"href":"https:\/\/dayschool.ch\/fr\/wp-json\/wp\/v2\/pages"}],"about":[{"href":"https:\/\/dayschool.ch\/fr\/wp-json\/wp\/v2\/types\/page"}],"author":[{"embeddable":true,"href":"https:\/\/dayschool.ch\/fr\/wp-json\/wp\/v2\/users\/18"}],"replies":[{"embeddable":true,"href":"https:\/\/dayschool.ch\/fr\/wp-json\/wp\/v2\/comments?post=1937"}],"version-history":[{"count":6,"href":"https:\/\/dayschool.ch\/fr\/wp-json\/wp\/v2\/pages\/1937\/revisions"}],"predecessor-version":[{"id":5756,"href":"https:\/\/dayschool.ch\/fr\/wp-json\/wp\/v2\/pages\/1937\/revisions\/5756"}],"wp:attachment":[{"href":"https:\/\/dayschool.ch\/fr\/wp-json\/wp\/v2\/media?parent=1937"}],"curies":[{"name":"wp","href":"https:\/\/api.w.org\/{rel}","templated":true}]}}