{"id":1916,"date":"2015-10-21T15:13:33","date_gmt":"2015-10-21T13:13:33","guid":{"rendered":"https:\/\/dayschool.ch\/meilen\/"},"modified":"2025-07-16T13:23:25","modified_gmt":"2025-07-16T11:23:25","slug":"meilen","status":"publish","type":"page","link":"https:\/\/dayschool.ch\/fr\/meilen\/","title":{"rendered":"Meilen"},"content":{"rendered":"<div id=\"pl-1916\"  class=\"panel-layout\" ><div class=\"container\"><div id=\"pg-1916-0\"  class=\"panel-grid panel-no-style row first\" ><div id=\"pgc-1916-0-0\"  class=\"panel-grid-cell\" ><div id=\"panel-1916-0-0-0\" class=\"so-panel widget widget_black-studio-tinymce widget_black_studio_tinymce panel-first-child panel-last-child\" data-index=\"0\" ><div class=\"textwidget\"><h2><span style=\"color: #ff0000\"><span style=\"color: #95c11e\">Dayschool Meilen<\/span><br \/>\n<\/span><\/h2>\n<p>Meilen est une charmante ville paisible entour\u00e9e de nature, offrant le parfait \u00e9quilibre entre commodit\u00e9s urbaines et s\u00e9r\u00e9nit\u00e9 rural. Avec sa communaut\u00e9 accueillante, ses excellentes liaisons de transport et sa proximit\u00e9 du lac et des montagnes, il n'est pas surprenant que de nombreuses familles consid\u00e8rent Meilen comme leur foyer.<\/p>\n<p>Notre cr\u00e8che, avec son \u00e9quipe internationale attentionn\u00e9e et bienveillante, ses repas faits maison et ses activit\u00e9s enrichissantes comme <strong>la musique<\/strong>, <strong>le yoga<\/strong> et <strong>les balades \u00e0 poney<\/strong>, propose \u00e9galement des explorations r\u00e9guli\u00e8res de la <strong>for\u00eat et de la nature<\/strong>, ainsi qu\u2019un acc\u00e8s \u00e0 la <strong>salle de sport<\/strong>\u00a0de l\u2019\u00e9cole primaire voisine \u2014 le choix id\u00e9al pour les familles qui souhaitent ce qu\u2019il y a de mieux pour leurs tout-petits.<\/p>\n<p>Notre personnel exp\u00e9riment\u00e9 et qualifi\u00e9 est d\u00e9vou\u00e9 \u00e0 cr\u00e9er un environnement chaleureux et soutenant o\u00f9 les enfants peuvent se sentir \u00e0 l'aise, confiants et appr\u00e9ci\u00e9s. Avec notre engagement en faveur des soins de qualit\u00e9, des activit\u00e9s passionnantes et d'un emplacement magnifique, nous sommes confiants que notre garderie est le choix parfait pour les familles qui veulent voir leurs enfants prosp\u00e9rer.<\/p>\n<p>\u00c0 la Dayschool Meilen, nous accueillons les enfants dans deux groupes d\u2019\u00e2ges mixtes, adapt\u00e9s \u00e0 leurs diff\u00e9rentes phases de d\u00e9veloppement. Un groupe est d\u00e9di\u00e9 aux b\u00e9b\u00e9s et aux tout-petits, avec jusqu\u2019\u00e0 10 enfants \u00e2g\u00e9s de 3 mois \u00e0 environ 2,5 ans. L\u2019autre groupe s\u2019adresse aux enfants d\u2019\u00e2ge pr\u00e9scolaire et comprend jusqu\u2019\u00e0 12 enfants \u00e2g\u00e9s d\u2019environ 2,5 \u00e0 4 ans.<\/p>\n<\/div><\/div><\/div><\/div><\/div><div class=\"container\"><div id=\"pg-1916-1\"  class=\"panel-grid panel-no-style\" ><div id=\"pgc-1916-1-0\"  class=\"panel-grid-cell\" ><div id=\"panel-1916-1-0-0\" class=\"so-panel widget widget_black-studio-tinymce widget_black_studio_tinymce panel-first-child panel-last-child\" data-index=\"1\" ><div class=\"textwidget\"><h2>L\u2019accueil propos\u00e9<\/h2>\n<ul>\n<li><strong>Cr\u00e8che<\/strong> pour les enfants d\u00e8s l\u2019\u00e2ge de 3 mois<\/li>\n<li><strong>Pr\u00e9-maternelle<\/strong> pour les enfants \u00e0 partir de 2,5 ans jusqu\u2019\u00e0 l\u2019entr\u00e9e \u00e0 la maternelle<\/li>\n<li><strong>Accueil \u00e0 la journ\u00e9e<\/strong> de 7h00 \u00e0 18h30. Garde prolong\u00e9e sur demande jusqu\u2019\u00e0 20h00 (factur\u00e9e s\u00e9par\u00e9ment)<\/li>\n<\/ul>\n<\/div><\/div><\/div><\/div><\/div><div class=\"container\"><div id=\"pg-1916-2\"  class=\"panel-grid panel-no-style\" ><div id=\"pgc-1916-2-0\"  class=\"panel-grid-cell\" ><div id=\"panel-1916-2-0-0\" class=\"so-panel widget widget_black-studio-tinymce widget_black_studio_tinymce panel-first-child\" data-index=\"2\" ><div class=\"textwidget\"><p><a href=\"https:\/\/dayschool.ch\/wp-content\/uploads\/sites\/17\/2024\/02\/IMG_5957.jpg\"><img loading=\"lazy\" decoding=\"async\" class=\"alignnone size-medium wp-image-5717 img-responsive\" src=\"https:\/\/dayschool.ch\/wp-content\/uploads\/sites\/17\/2024\/02\/IMG_5957-300x225.jpg\" alt=\"\" width=\"300\" height=\"225\" srcset=\"https:\/\/dayschool.ch\/wp-content\/uploads\/sites\/17\/2024\/02\/IMG_5957-300x225.jpg 300w, https:\/\/dayschool.ch\/wp-content\/uploads\/sites\/17\/2024\/02\/IMG_5957-1024x768.jpg 1024w, https:\/\/dayschool.ch\/wp-content\/uploads\/sites\/17\/2024\/02\/IMG_5957-768x576.jpg 768w, https:\/\/dayschool.ch\/wp-content\/uploads\/sites\/17\/2024\/02\/IMG_5957-900x675.jpg 900w, https:\/\/dayschool.ch\/wp-content\/uploads\/sites\/17\/2024\/02\/IMG_5957.jpg 1200w\" sizes=\"auto, (max-width: 300px) 100vw, 300px\" \/><\/a><\/p>\n<\/div><\/div><div id=\"panel-1916-2-0-1\" class=\"so-panel widget widget_black-studio-tinymce widget_black_studio_tinymce panel-last-child\" data-index=\"3\" ><div class=\"textwidget\"><p><a href=\"https:\/\/dayschool.ch\/wp-content\/uploads\/sites\/17\/2025\/04\/tempImageRRmHsj.jpg\"><img loading=\"lazy\" decoding=\"async\" class=\"alignnone size-medium wp-image-6041 img-responsive\" src=\"https:\/\/dayschool.ch\/wp-content\/uploads\/sites\/17\/2025\/04\/tempImageRRmHsj-221x300.jpg\" alt=\"\" width=\"221\" height=\"300\" srcset=\"https:\/\/dayschool.ch\/wp-content\/uploads\/sites\/17\/2025\/04\/tempImageRRmHsj-221x300.jpg 221w, https:\/\/dayschool.ch\/wp-content\/uploads\/sites\/17\/2025\/04\/tempImageRRmHsj-755x1024.jpg 755w, https:\/\/dayschool.ch\/wp-content\/uploads\/sites\/17\/2025\/04\/tempImageRRmHsj-768x1041.jpg 768w, https:\/\/dayschool.ch\/wp-content\/uploads\/sites\/17\/2025\/04\/tempImageRRmHsj-498x675.jpg 498w, https:\/\/dayschool.ch\/wp-content\/uploads\/sites\/17\/2025\/04\/tempImageRRmHsj.jpg 885w\" sizes=\"auto, (max-width: 221px) 100vw, 221px\" \/><\/a><\/p>\n<\/div><\/div><\/div><div id=\"pgc-1916-2-1\"  class=\"panel-grid-cell\" ><div id=\"panel-1916-2-1-0\" class=\"so-panel widget widget_black-studio-tinymce widget_black_studio_tinymce panel-first-child\" data-index=\"4\" ><div class=\"textwidget\"><p><a href=\"https:\/\/dayschool.ch\/wp-content\/uploads\/sites\/17\/2025\/04\/tempImageQaPopy.jpg\"><img loading=\"lazy\" decoding=\"async\" class=\"alignnone size-medium wp-image-6016 img-responsive\" src=\"https:\/\/dayschool.ch\/wp-content\/uploads\/sites\/17\/2025\/04\/tempImageQaPopy-300x225.jpg\" alt=\"\" width=\"300\" height=\"225\" srcset=\"https:\/\/dayschool.ch\/wp-content\/uploads\/sites\/17\/2025\/04\/tempImageQaPopy-300x225.jpg 300w, https:\/\/dayschool.ch\/wp-content\/uploads\/sites\/17\/2025\/04\/tempImageQaPopy-1024x768.jpg 1024w, https:\/\/dayschool.ch\/wp-content\/uploads\/sites\/17\/2025\/04\/tempImageQaPopy-768x576.jpg 768w, https:\/\/dayschool.ch\/wp-content\/uploads\/sites\/17\/2025\/04\/tempImageQaPopy-900x675.jpg 900w, https:\/\/dayschool.ch\/wp-content\/uploads\/sites\/17\/2025\/04\/tempImageQaPopy.jpg 1200w\" sizes=\"auto, (max-width: 300px) 100vw, 300px\" \/><\/a><\/p>\n<\/div><\/div><div id=\"panel-1916-2-1-1\" class=\"so-panel widget widget_black-studio-tinymce widget_black_studio_tinymce panel-last-child\" data-index=\"5\" ><div class=\"textwidget\"><p><a href=\"https:\/\/dayschool.ch\/wp-content\/uploads\/sites\/17\/2025\/04\/tempImagelQE6Dk.jpg\"><img loading=\"lazy\" decoding=\"async\" class=\"alignnone size-medium wp-image-6020 img-responsive\" src=\"https:\/\/dayschool.ch\/wp-content\/uploads\/sites\/17\/2025\/04\/tempImagelQE6Dk-225x300.jpg\" alt=\"\" width=\"225\" height=\"300\" srcset=\"https:\/\/dayschool.ch\/wp-content\/uploads\/sites\/17\/2025\/04\/tempImagelQE6Dk-225x300.jpg 225w, https:\/\/dayschool.ch\/wp-content\/uploads\/sites\/17\/2025\/04\/tempImagelQE6Dk-768x1024.jpg 768w, https:\/\/dayschool.ch\/wp-content\/uploads\/sites\/17\/2025\/04\/tempImagelQE6Dk-506x675.jpg 506w, https:\/\/dayschool.ch\/wp-content\/uploads\/sites\/17\/2025\/04\/tempImagelQE6Dk.jpg 900w\" sizes=\"auto, (max-width: 225px) 100vw, 225px\" \/><\/a><\/p>\n<\/div><\/div><\/div><div id=\"pgc-1916-2-2\"  class=\"panel-grid-cell\" ><div id=\"panel-1916-2-2-0\" class=\"so-panel widget widget_black-studio-tinymce widget_black_studio_tinymce panel-first-child\" data-index=\"6\" ><div class=\"textwidget\"><p><a href=\"https:\/\/dayschool.ch\/wp-content\/uploads\/sites\/17\/2025\/07\/IMG_2746.jpg\"><img loading=\"lazy\" decoding=\"async\" class=\"alignnone size-medium wp-image-6179 img-responsive\" src=\"https:\/\/dayschool.ch\/wp-content\/uploads\/sites\/17\/2025\/07\/IMG_2746-300x225.jpg\" alt=\"\" width=\"300\" height=\"225\" srcset=\"https:\/\/dayschool.ch\/wp-content\/uploads\/sites\/17\/2025\/07\/IMG_2746-300x225.jpg 300w, https:\/\/dayschool.ch\/wp-content\/uploads\/sites\/17\/2025\/07\/IMG_2746-1024x768.jpg 1024w, https:\/\/dayschool.ch\/wp-content\/uploads\/sites\/17\/2025\/07\/IMG_2746-768x576.jpg 768w, https:\/\/dayschool.ch\/wp-content\/uploads\/sites\/17\/2025\/07\/IMG_2746-900x675.jpg 900w, https:\/\/dayschool.ch\/wp-content\/uploads\/sites\/17\/2025\/07\/IMG_2746.jpg 1200w\" sizes=\"auto, (max-width: 300px) 100vw, 300px\" \/><\/a><\/p>\n<\/div><\/div><div id=\"panel-1916-2-2-1\" class=\"so-panel widget widget_black-studio-tinymce widget_black_studio_tinymce panel-last-child\" data-index=\"7\" ><div class=\"textwidget\"><p><a href=\"https:\/\/dayschool.ch\/wp-content\/uploads\/sites\/17\/2025\/04\/03c55a21-5507-406b-9e95-80013819ab8c.jpg\"><img loading=\"lazy\" decoding=\"async\" class=\"alignnone size-medium wp-image-6065 img-responsive\" src=\"https:\/\/dayschool.ch\/wp-content\/uploads\/sites\/17\/2025\/04\/03c55a21-5507-406b-9e95-80013819ab8c-225x300.jpg\" alt=\"\" width=\"225\" height=\"300\" srcset=\"https:\/\/dayschool.ch\/wp-content\/uploads\/sites\/17\/2025\/04\/03c55a21-5507-406b-9e95-80013819ab8c-225x300.jpg 225w, https:\/\/dayschool.ch\/wp-content\/uploads\/sites\/17\/2025\/04\/03c55a21-5507-406b-9e95-80013819ab8c-768x1024.jpg 768w, https:\/\/dayschool.ch\/wp-content\/uploads\/sites\/17\/2025\/04\/03c55a21-5507-406b-9e95-80013819ab8c-506x675.jpg 506w, https:\/\/dayschool.ch\/wp-content\/uploads\/sites\/17\/2025\/04\/03c55a21-5507-406b-9e95-80013819ab8c.jpg 900w\" sizes=\"auto, (max-width: 225px) 100vw, 225px\" \/><\/a><\/p>\n<\/div><\/div><\/div><\/div><\/div><div class=\"container\"><div id=\"pg-1916-3\"  class=\"panel-grid panel-no-style\" ><div id=\"pgc-1916-3-0\"  class=\"panel-grid-cell\" ><div id=\"panel-1916-3-0-0\" class=\"so-panel widget widget_black-studio-tinymce widget_black_studio_tinymce panel-first-child panel-last-child\" data-index=\"8\" ><h2>Localisation et Itin\u00e9raire<\/h2><div class=\"textwidget title-section\" id=\"section-localisationetitinraire\"><\/div><\/div><\/div><\/div><\/div><div class=\"container\"><div id=\"pg-1916-4\"  class=\"panel-grid panel-no-style\" ><div id=\"pgc-1916-4-0\"  class=\"panel-grid-cell\" ><div id=\"panel-1916-4-0-0\" class=\"so-panel widget widget_black-studio-tinymce widget_black_studio_tinymce panel-first-child panel-last-child\" data-index=\"9\" ><div class=\"textwidget\"><p><div class=\"kitakarte\">\n    \t\t\t<iframe loading=\"lazy\" align=\"left\" width=\"100%\" height=\"380\" frameborder=\"0\" scrolling=\"no\" marginheight=\"0\" marginwidth=\"0\" src=\"https:\/\/maps.google.ch\/maps?&q=Seestrasse+811%2C+8706+Meilen&output=embed&z=15&iwloc=A&visual_refresh=true\"><\/iframe>\n\t\t\t<\/div><\/p>\n<\/div><\/div><\/div><div id=\"pgc-1916-4-1\"  class=\"panel-grid-cell\" ><div id=\"panel-1916-4-1-0\" class=\"so-panel widget widget_black-studio-tinymce widget_black_studio_tinymce panel-first-child panel-last-child\" data-index=\"10\" ><div class=\"textwidget\"><p><strong>Horaires d'ouverture:<\/strong><br \/>\nDe 7h \u00e0 18h30<br \/>\nAccueil suppl\u00e9mentaire jusqu\u2019\u00e0 20h.<\/p>\n<p><strong>Accueil du matin et temps de d\u00e9part du soir\u00a0:<\/strong><br \/>\nDe 7h \u00e0 9h \/ de 16h30 \u00e0 18h30<\/p>\n<p><strong>Directions:<br \/>\n<\/strong><a href=\"https:\/\/www.google.ch\/maps\/dir\/\/Untere+Bruech+92,+8706+Meilen\/@47.2682771,8.6473422,17z\/data=!4m13!1m4!3m3!1s0x479aaf70c5deee81:0x11108743faa57d95!2sUntere+Bruech+92,+8706+Meilen!3b1!4m7!1m0!1m5!1m1!1s0x479aaf70c5deee81:0x11108743faa57d95!2m2!1d8.6495309!2d47.2682735\" target=\"_blank\" rel=\"noopener noreferrer\">Google plan d`acc\u00e8s<\/a><\/p>\n<p>Il y a deux de parking disponible.<\/p>\n<\/div><\/div><\/div><\/div><\/div><\/div>","protected":false},"excerpt":{"rendered":"<p>Dayschool Meilen Meilen est une charmante ville paisible entour\u00e9e de nature, offrant le parfait \u00e9quilibre entre commodit\u00e9s urbaines et s\u00e9r\u00e9nit\u00e9 rural. Avec sa communaut\u00e9 accueillante, ses excellentes liaisons de transport et sa proximit\u00e9 du lac et des montagnes, il n&rsquo;est pas surprenant que de nombreuses familles consid\u00e8rent Meilen comme leur foyer. Notre cr\u00e8che, avec son [&hellip;]<\/p>\n","protected":false},"author":18,"featured_media":0,"parent":0,"menu_order":0,"comment_status":"closed","ping_status":"closed","template":"page-sidebar.php","meta":{"footnotes":""},"class_list":["post-1916","page","type-page","status-publish","hentry"],"_links":{"self":[{"href":"https:\/\/dayschool.ch\/fr\/wp-json\/wp\/v2\/pages\/1916","targetHints":{"allow":["GET"]}}],"collection":[{"href":"https:\/\/dayschool.ch\/fr\/wp-json\/wp\/v2\/pages"}],"about":[{"href":"https:\/\/dayschool.ch\/fr\/wp-json\/wp\/v2\/types\/page"}],"author":[{"embeddable":true,"href":"https:\/\/dayschool.ch\/fr\/wp-json\/wp\/v2\/users\/18"}],"replies":[{"embeddable":true,"href":"https:\/\/dayschool.ch\/fr\/wp-json\/wp\/v2\/comments?post=1916"}],"version-history":[{"count":22,"href":"https:\/\/dayschool.ch\/fr\/wp-json\/wp\/v2\/pages\/1916\/revisions"}],"predecessor-version":[{"id":6184,"href":"https:\/\/dayschool.ch\/fr\/wp-json\/wp\/v2\/pages\/1916\/revisions\/6184"}],"wp:attachment":[{"href":"https:\/\/dayschool.ch\/fr\/wp-json\/wp\/v2\/media?parent=1916"}],"curies":[{"name":"wp","href":"https:\/\/api.w.org\/{rel}","templated":true}]}}